{"id":27,"date":"2018-07-03T16:40:35","date_gmt":"2018-07-03T16:40:35","guid":{"rendered":"http:\/\/kalevala-epos.de\/?page_id=27"},"modified":"2018-11-06T11:44:12","modified_gmt":"2018-11-06T11:44:12","slug":"impressum","status":"publish","type":"page","link":"http:\/\/kalevala-epos.de\/?page_id=27","title":{"rendered":"Impressum"},"content":{"rendered":"<h3>Impressum<\/h3>\n<p class=\"switch_output einzelunternehmen gbr ek\">Astrid Br\u00fcggemann<\/p>\n<p>Ettalstr. 40a<br \/>\nM\u00fcnchen<br \/>\n<span class=\"hide_empty mif_unternehmen_land\">Deutschland<br \/>\n<\/span><br \/>\nTelefon: 0176 56 87 42 12<br \/>\nE-Mail: ab@astridbruggemann.com<\/p>\n<div class=\"mif_unternehmen_jri_radio_ja_show\">\n<h5><\/h5>\n<h5>Verantwortliche f\u00fcr journalistisch-redaktionelle gestaltete Inhalte:<\/h5>\n<p>Astrid Br\u00fcggemann<br \/>\nEttalstr. 40a<br \/>\nM\u00fcnchen<br \/>\nE-Mail: ab@astridbruggemann.com<\/p>\n<\/div>\n<p><a href=\"https:\/\/www.ratgeberrecht.eu\/leistungen\/muster-impressum-generator.html\" target=\"_blank\" rel=\"noopener\">Impressum-Generator<\/a>\u00a0der\u00a0<a href=\"https:\/\/www.ratgeberrecht.eu\/\" target=\"_blank\" rel=\"noopener\">Anwaltskanzlei Wei\u00df &amp; Partner<\/a><\/p>\n<p>&nbsp;<\/p>\n<h5>Bildnachweis<\/h5>\n<p>Die Fotos sind alle\u00a0gemeinfrei und k\u00f6nnen ohne Quellenangaben verwendet werden. Wir danken ganz herzlich den wunderbaren Fotografen von <a href=\"http:\/\/pixabay.com\" target=\"_blank\" rel=\"noopener\">pixabay.com<\/a>!<\/p>\n<p>Die Zeichnungen wurden mit viel Herzblut von Ralf Greinert angefertigt.\u00a0<a href=\"https:\/\/www.illustrationen-wappen.de\/\" target=\"_blank\" rel=\"noopener\">https:\/\/www.illustrationen-wappen.de\/<\/a><\/p>\n<p>Der schwarze Schwan ist ein Scherenschnitt von Robin Br\u00fcggemann. Herzlichen Dank!<\/p>\n<p>&nbsp;<\/p>\n","protected":false},"excerpt":{"rendered":"<p>Impressum Astrid Br\u00fcggemann Ettalstr. 40a M\u00fcnchen Deutschland Telefon: 0176 56 87 42 12 E-Mail: ab@astridbruggemann.com Verantwortliche f\u00fcr journalistisch-redaktionelle gestaltete Inhalte: Astrid Br\u00fcggemann Ettalstr. 40a M\u00fcnchen E-Mail: ab@astridbruggemann.com Impressum-Generator\u00a0der\u00a0Anwaltskanzlei Wei\u00df &amp; Partner &nbsp; Bildnachweis Die Fotos sind alle\u00a0gemeinfrei und k\u00f6nnen ohne Quellenangaben verwendet werden. Wir danken ganz herzlich den wunderbaren Fotografen von pixabay.com! Die Zeichnungen wurden&nbsp;&hellip;<\/p>\n","protected":false},"author":1,"featured_media":0,"parent":0,"menu_order":0,"comment_status":"closed","ping_status":"closed","template":"page-templates\/homepage.php","meta":[],"_links":{"self":[{"href":"http:\/\/kalevala-epos.de\/index.php?rest_route=\/wp\/v2\/pages\/27"}],"collection":[{"href":"http:\/\/kalevala-epos.de\/index.php?rest_route=\/wp\/v2\/pages"}],"about":[{"href":"http:\/\/kalevala-epos.de\/index.php?rest_route=\/wp\/v2\/types\/page"}],"author":[{"embeddable":true,"href":"http:\/\/kalevala-epos.de\/index.php?rest_route=\/wp\/v2\/users\/1"}],"replies":[{"embeddable":true,"href":"http:\/\/kalevala-epos.de\/index.php?rest_route=%2Fwp%2Fv2%2Fcomments&post=27"}],"version-history":[{"count":7,"href":"http:\/\/kalevala-epos.de\/index.php?rest_route=\/wp\/v2\/pages\/27\/revisions"}],"predecessor-version":[{"id":263,"href":"http:\/\/kalevala-epos.de\/index.php?rest_route=\/wp\/v2\/pages\/27\/revisions\/263"}],"wp:attachment":[{"href":"http:\/\/kalevala-epos.de\/index.php?rest_route=%2Fwp%2Fv2%2Fmedia&parent=27"}],"curies":[{"name":"wp","href":"https:\/\/api.w.org\/{rel}","templated":true}]}}